{"id":68,"date":"2011-11-09T14:28:28","date_gmt":"2011-11-09T14:28:28","guid":{"rendered":"http:\/\/www.transformrestore.com\/tcrj\/?page_id=68"},"modified":"2013-07-03T02:31:39","modified_gmt":"2013-07-03T02:31:39","slug":"past-conferences","status":"publish","type":"page","link":"http:\/\/www.transformrestore.com\/?page_id=68","title":{"rendered":"Past Conferences"},"content":{"rendered":"<p>TCRJ has provided conference on Restorative Justice in the following contexts:<\/p>\n<p><span style=\"text-decoration: underline;\">\u00a0<strong>Mexico (Attorney General&#8217;s Office and USAID-funded projects<\/strong><\/span><\/p>\n<ul>\n<li>Presentation on\u00a0<em>Restorative Justice<\/em>\u00a0at the &#8216;IV Foro de Mediaci\u00f3n Penal, An\u00e1lisis y Transformaci\u00f3n de Conflictos&#8217;\u00a0for the Attorney General\u2019s Office of the State of Baja California (Rosarito, Baja California, Mexico, April 25, 2013)<\/li>\n<li>Keynote Speech at the Conference for Lawyers and Psychologists, <em>The Application of Restorative Justice in the Criminal System<\/em>, for the Attorney General\u2019s Office of the State of Baja California (Mexicali, Baja California, Mexico, June 7, 2011)<\/li>\n<li>Presentation on <em>Restorative Justice, an Effective Approach for Building Peaceful Societies<\/em> at the National Congress of Mediation, for the Attorney General\u2019s Office of the State of Baja California (Rosarito, Baja California, Mexico, April 6, 2011)<\/li>\n<li><span style=\"color: #000000;\">Presentation on <\/span><span style=\"color: #000000;\"><em>Restorative Processes: a Cultural Transformation<\/em><\/span> at the Third National Congress of Alternative Justice, for the Attorney General\u2019s Office of the State of Baja California (Ensenada, Baja California, Mexico, January 27, 2011)<\/li>\n<li>Keynote speech for the Conference <em>Women for a Culture of Peace<\/em>organized by theAlternative Justice Office of the State of Baja California (Mexicali, Baja California, Mexico<em>, <\/em>October 28, 2010)<\/li>\n<li><span style=\"color: #000000;\">Presentation on <\/span><span style=\"color: #000000;\"><em>Benefits of Restorative Justice for the community<\/em><\/span><strong> &#8211; <\/strong><span style=\"color: #000000;\">Forum for the Third Anniversary of the creation of the Center of Restorative Justice of the State of <\/span>Oaxaca (Oaxaca, Mexico, <span style=\"color: #000000;\">August 27, 2010) <\/span><\/li>\n<li>Conference presentation: <em>Restorative Justice: a New Paradigm to Address the Needs of Victims of Crime <\/em>for the Attorney General\u2019s Office of Oaxaca (Oaxaca, Oaxaca, Mexico, February 19, 2010)<\/li>\n<li>Conference presentation on <em>The Role of Restorative Justice as a Tool for Social Change to Fight Organized Crime<\/em>for the Attorney General\u2019s Office of the State of Baja California with the support of the Supporting Program to the Rule of Law in Mexico\/USAID (Tijuana, Baja California, Mexico,August 27, 2009)<\/li>\n<li>Presentation: <em>Toward a New Model of Citizen Participation<\/em> at the National Forum <em>Humanizing the Criminal Justice System: Conciliation, Mediation and Restorative Justice <\/em>organized by theCitizen Council of Citizen Participation, Public Safety and Attorney General Office of State of Morelos (Jutepec, Morelos, Mexico, June 15, 2009)<\/li>\n<li>Keynote speech and Conference presentation on \u201c<em>Restorative Justice and Organized Crime: Challenges and Hope<\/em>\u201d at the International Conference on Restorative Justice<strong>: <\/strong><em>Humanizing the Justice Process <\/em>(Oaxaca, Oaxaca, Mexico,September 23-26, 2008)<\/li>\n<li>Presentations on<em> \u201cHow to involve the Community in the Prevention and Protection of Victims\u201d <\/em>and<em> \u201cNecessary Coordination for an Effective and Sustainable Fight against Human Trafficking\u201d <\/em>for the International Forum on Human Trafficking:<em> Current Situation, Perspectives and Challenges <\/em>for the Supporting Program for Victims of Human Trafficking in Mexico<strong> \/<\/strong>USAID and the Attorney General\u2019s Office of the States of Chihuahua, Guerrero, Sonora and M\u00e9xico (Ciudad Ju\u00e1rez, Chihuahua; Acapulco, Guerrero; Hermosillo, Sonora; Toluca, M\u00e9xico: January 16-17, 2007; March 27-28, 2007; June 25-26, 2008; October 23-24, 2008)<\/li>\n<li>Conference presentation on <em>Building a Culture of Peace through Restorative Justice<\/em> organized by theSupreme Court of the State of Jalisco (Guadalajara, Jalisco, Mexico, October 5, 2006)<\/li>\n<li>Presentation at the Forum: <em>Humanism in the Criminal Justice System: Oral Trials, an Opportunity <\/em>for the Congress of the State of Jalisco through the Human Development Commission (Guadalajara, Jalisco, Mexico, October 2006)<\/li>\n<\/ul>\n<p><strong>Haiti, USAID-funded projects<\/strong><\/p>\n<ul>\n<li>Presentation on <em>Restorative Justice: an Innovative Approach to Humanize Criminal Justice<\/em> at the Conference:<em> Models of Alternative Resolution to Conflicts, Other Fields of Practice for Lawyers<\/em>, organized by theAmerican Barr Association in Port-Au-Prince and at the office of Improving Justice Service Delivery and Sector Reform in Haiti\/USAID (Port-au-Prince, Haiti, May 17 and 27, 2011)<\/li>\n<\/ul>\n<p><strong>Academic Settings<\/strong><strong> (in the US and internationally)<\/strong><\/p>\n<ul>\n<li>Conference presentation a the First National Youth Congress on Mediation on <em>Youth Generating Alternatives to Better Solve Conflicts <\/em>at the Universidad Aut\u00f3noma of Baja California (Tijuana, Baja California, Mexico,April 6, 2011)<\/li>\n<li>Conference presentation on <em>Introduction to Restorative Justice <\/em>for the Law School of the University of Chihuahua (Chihuahua, Chihuahua, Mexico,<strong> S<\/strong>eptember, 2006)<\/li>\n<\/ul>\n<p><strong>Government settings, NGOs, Civil and Religious organizations <\/strong><strong>(in the US and internationally)<\/strong><\/p>\n<ul>\n<li>Presentation of workshop on\u00a0<em>Restorative Justice and Organized Crime<\/em>\u00a0at the Fourth National Conference on Restorative Justice\u00a0(Toledo, Ohio, USA, June 19-21, 2013)<\/li>\n<li>Keynote speech and Conference on <em>Restorative Justice<\/em> at the International Forum on <em>Women, Constitution and Restorative Justice<\/em>,organized by the U.S. Embassy of the Dominican Republic and the Office of the First Lady (Santo Domingo, Dominican Republic, March 12-13, 2009)<\/li>\n<li>Presentation on <em>Restorative Justice and its Contributions in the Fight against Human Trafficking<\/em> at the Forum <em>Women, Violence and Peace<\/em> for the Association of the Baptist Churches in Campania (Naples, Italy, February 16, 2009)<\/li>\n<li>Keynote speech on <em>Restorative Justice<\/em> for the Sociological and Anthropological Observatory of the \u201cRoncalli\u201d High School in Manfredonia (Manfredonia, Italy, May 19, 2005)<\/li>\n<\/ul>\n","protected":false},"excerpt":{"rendered":"<p>TCRJ has provided conference on Restorative Justice in the following contexts: \u00a0Mexico (Attorney General&#8217;s Office and USAID-funded projects Presentation on\u00a0Restorative Justice\u00a0at the &#8216;IV Foro de Mediaci\u00f3n Penal, An\u00e1lisis y Transformaci\u00f3n de Conflictos&#8217;\u00a0for the Attorney General\u2019s Office of the State of &hellip; <a class=\"more-link\" href=\"http:\/\/www.transformrestore.com\/?page_id=68\">Continue reading <span class=\"meta-nav\">&rarr;<\/span><\/a><\/p>\n","protected":false},"author":1,"featured_media":0,"parent":5,"menu_order":3,"comment_status":"closed","ping_status":"open","template":"","meta":{"footnotes":""},"class_list":["post-68","page","type-page","status-publish","hentry"],"_links":{"self":[{"href":"http:\/\/www.transformrestore.com\/index.php?rest_route=\/wp\/v2\/pages\/68","targetHints":{"allow":["GET"]}}],"collection":[{"href":"http:\/\/www.transformrestore.com\/index.php?rest_route=\/wp\/v2\/pages"}],"about":[{"href":"http:\/\/www.transformrestore.com\/index.php?rest_route=\/wp\/v2\/types\/page"}],"author":[{"embeddable":true,"href":"http:\/\/www.transformrestore.com\/index.php?rest_route=\/wp\/v2\/users\/1"}],"replies":[{"embeddable":true,"href":"http:\/\/www.transformrestore.com\/index.php?rest_route=%2Fwp%2Fv2%2Fcomments&post=68"}],"version-history":[{"count":10,"href":"http:\/\/www.transformrestore.com\/index.php?rest_route=\/wp\/v2\/pages\/68\/revisions"}],"predecessor-version":[{"id":71,"href":"http:\/\/www.transformrestore.com\/index.php?rest_route=\/wp\/v2\/pages\/68\/revisions\/71"}],"up":[{"embeddable":true,"href":"http:\/\/www.transformrestore.com\/index.php?rest_route=\/wp\/v2\/pages\/5"}],"wp:attachment":[{"href":"http:\/\/www.transformrestore.com\/index.php?rest_route=%2Fwp%2Fv2%2Fmedia&parent=68"}],"curies":[{"name":"wp","href":"https:\/\/api.w.org\/{rel}","templated":true}]}}